{"id":29545,"date":"2024-04-20T17:29:36","date_gmt":"2024-04-20T15:29:36","guid":{"rendered":"https:\/\/dev.sandrinebrunet.ch\/termin-vereinbaren\/"},"modified":"2024-08-04T20:12:35","modified_gmt":"2024-08-04T18:12:35","slug":"termin-vereinbaren","status":"publish","type":"page","link":"https:\/\/www.sandrinebrunet-naturopathie.ch\/de\/termin-vereinbaren\/","title":{"rendered":"Termin vereinbaren"},"content":{"rendered":"<p><div class=\"fusion-fullwidth fullwidth-box fusion-builder-row-1 fusion-flex-container has-pattern-background has-mask-background nonhundred-percent-fullwidth non-hundred-percent-height-scrolling\" style=\"--awb-border-radius-top-left:0px;--awb-border-radius-top-right:0px;--awb-border-radius-bottom-right:0px;--awb-border-radius-bottom-left:0px;--awb-flex-wrap:wrap;\" ><div class=\"fusion-builder-row fusion-row fusion-flex-align-items-flex-start fusion-flex-content-wrap\" style=\"max-width:1365px;margin-left: calc(-5% \/ 2 );margin-right: calc(-5% \/ 2 );\"><div class=\"fusion-layout-column fusion_builder_column fusion-builder-column-0 fusion_builder_column_1_1 1_1 fusion-flex-column\" style=\"--awb-bg-size:cover;--awb-width-large:100%;--awb-margin-top-large:80px;--awb-spacing-right-large:2.375%;--awb-margin-bottom-large:20px;--awb-spacing-left-large:2.375%;--awb-width-medium:100%;--awb-order-medium:0;--awb-spacing-right-medium:2.375%;--awb-spacing-left-medium:2.375%;--awb-width-small:100%;--awb-order-small:0;--awb-spacing-right-small:2.375%;--awb-spacing-left-small:2.375%;\"><div class=\"fusion-column-wrapper fusion-column-has-shadow fusion-flex-justify-content-flex-start fusion-content-layout-column\"><a class=\"fusion-modal-text-link\" href=\"#\"><iframe src=\"https:\/\/app.healthadvisor.ch\/bookings\/ae0bca48d8f94567ae2aeda84806a077\" width=\"100%\" height=\"800\">Ihr Browser unterst\u00fctzt leider keine Iframes!<\/iframe><\/a><\/div><\/div><\/div><\/div><div class=\"fusion-fullwidth fullwidth-box fusion-builder-row-2 fusion-flex-container nonhundred-percent-fullwidth non-hundred-percent-height-scrolling\" style=\"--awb-background-position:center top;--awb-background-blend-mode:luminosity;--awb-border-radius-top-left:0px;--awb-border-radius-top-right:0px;--awb-border-radius-bottom-right:0px;--awb-border-radius-bottom-left:0px;--awb-padding-top:90.667px;--awb-padding-bottom:149.667px;--awb-padding-top-small:12vw;--awb-padding-bottom-small:12vw;--awb-margin-bottom:0px;--awb-background-color:var(--awb-color1);--awb-background-image:linear-gradient(90deg, var(--awb-color1) 0%,var(--awb-color1) 78%);--awb-flex-wrap:wrap;\" ><div class=\"fusion-builder-row fusion-row fusion-flex-align-items-center fusion-flex-justify-content-center fusion-flex-content-wrap\" style=\"max-width:1365px;margin-left: calc(-5% \/ 2 );margin-right: calc(-5% \/ 2 );\"><div class=\"fusion-layout-column fusion_builder_column fusion-builder-column-1 fusion_builder_column_2_5 2_5 fusion-flex-column\" style=\"--awb-bg-size:cover;--awb-width-large:40%;--awb-margin-top-large:0px;--awb-spacing-right-large:5.9375%;--awb-margin-bottom-large:20px;--awb-spacing-left-large:5.9375%;--awb-width-medium:40%;--awb-order-medium:0;--awb-spacing-right-medium:5.9375%;--awb-spacing-left-medium:5.9375%;--awb-width-small:100%;--awb-order-small:0;--awb-spacing-right-small:2.375%;--awb-spacing-left-small:2.375%;\"><div class=\"fusion-column-wrapper fusion-column-has-shadow fusion-flex-justify-content-flex-start fusion-content-layout-column\"><div class=\"fusion-image-element \" style=\"--awb-caption-title-font-family:var(--h2_typography-font-family);--awb-caption-title-font-weight:var(--h2_typography-font-weight);--awb-caption-title-font-style:var(--h2_typography-font-style);--awb-caption-title-size:var(--h2_typography-font-size);--awb-caption-title-transform:var(--h2_typography-text-transform);--awb-caption-title-line-height:var(--h2_typography-line-height);--awb-caption-title-letter-spacing:var(--h2_typography-letter-spacing);\"><span class=\" fusion-imageframe imageframe-none imageframe-1 hover-type-none\"><img decoding=\"async\" width=\"318\" height=\"159\" alt=\"asca\" title=\"images\" src=\"https:\/\/www.sandrinebrunet-naturopathie.ch\/wp-content\/uploads\/2024\/05\/images.png\" data-orig-src=\"https:\/\/www.sandrinebrunet-naturopathie.ch\/wp-content\/uploads\/2024\/05\/images.png\" class=\"lazyload img-responsive wp-image-29379\" srcset=\"data:image\/svg+xml,%3Csvg%20xmlns%3D%27http%3A%2F%2Fwww.w3.org%2F2000%2Fsvg%27%20width%3D%27318%27%20height%3D%27159%27%20viewBox%3D%270%200%20318%20159%27%3E%3Crect%20width%3D%27318%27%20height%3D%27159%27%20fill-opacity%3D%220%22%2F%3E%3C%2Fsvg%3E\" data-srcset=\"https:\/\/www.sandrinebrunet-naturopathie.ch\/wp-content\/uploads\/2024\/05\/images-200x100.png 200w, https:\/\/www.sandrinebrunet-naturopathie.ch\/wp-content\/uploads\/2024\/05\/images.png 318w\" data-sizes=\"auto\" data-orig-sizes=\"(max-width: 700px) 100vw, 318px\" \/><\/span><\/div><\/div><\/div><div class=\"fusion-layout-column fusion_builder_column fusion-builder-column-2 fusion_builder_column_3_5 3_5 fusion-flex-column fusion-animated\" style=\"--awb-bg-size:cover;--awb-width-large:60%;--awb-margin-top-large:0px;--awb-spacing-right-large:3.9583333333333%;--awb-margin-bottom-large:0px;--awb-spacing-left-large:3.9583333333333%;--awb-width-medium:60%;--awb-spacing-right-medium:3.9583333333333%;--awb-spacing-left-medium:3.9583333333333%;--awb-width-small:100%;--awb-spacing-right-small:2.375%;--awb-spacing-left-small:2.375%;\" data-animationType=\"fadeInLeft\" data-animationDuration=\"1.0\" data-animationOffset=\"top-into-view\"><div class=\"fusion-column-wrapper fusion-column-has-shadow fusion-flex-justify-content-center fusion-content-layout-column\"><div class=\"fusion-title title fusion-title-1 fusion-no-small-visibility fusion-no-medium-visibility fusion-sep-none fusion-title-text fusion-title-size-three\" style=\"--awb-text-color:var(--awb-color8);--awb-margin-bottom:1.5vw;--awb-margin-bottom-small:40px;--awb-font-size:62px;\"><h3 class=\"fusion-title-heading title-heading-left\" style=\"margin:0;font-size:1em;line-height:1.2;\">Preise<\/h3><\/div><div class=\"fusion-title title fusion-title-2 fusion-no-large-visibility fusion-sep-none fusion-title-text fusion-title-size-two\" style=\"--awb-text-color:var(--awb-color8);--awb-margin-bottom:1.5vw;--awb-margin-bottom-small:40px;--awb-font-size:42px;\"><h2 class=\"fusion-title-heading title-heading-left\" style=\"margin:0;font-size:1em;line-height:1.2;\">Meine Ausbildungen<\/h2><\/div><div class=\"fusion-text fusion-text-1\" style=\"--awb-font-size:21px;--awb-text-color:var(--awb-color7);\"><div>\n<ul>\n<li>Ersttermin (ca. 1,5 Stunden): ca. 180 CHF<\/li>\n<li>Folgetermin (ca. 1 Stunde): ca. 120 CHF<\/li>\n<li>Meine Leistungen werden mit 12 CHF pro 5 Minuten berechnet, gem\u00e4ss Tarif 590.<\/li>\n<\/ul>\n<p><b>ASCA-Anerkennung<\/b><\/p>\n<ul>\n<li>R\u00fcckverg\u00fctung durch die Zusatzversicherung.<\/li>\n<li>Ich bitte Sie, sich bei Ihrer Zusatzversicherung zu erkundigen, ob die Kosten f\u00fcr meine Bachbl\u00fctenbehandlung \u00fcbernommen werden.<\/li>\n<\/ul>\n<\/div>\n<\/div><\/div><\/div><\/div><\/div><div class=\"fusion-fullwidth fullwidth-box fusion-builder-row-3 fusion-flex-container has-pattern-background has-mask-background hundred-percent-fullwidth non-hundred-percent-height-scrolling\" style=\"--awb-border-radius-top-left:0px;--awb-border-radius-top-right:0px;--awb-border-radius-bottom-right:0px;--awb-border-radius-bottom-left:0px;--awb-padding-bottom:0px;--awb-margin-bottom:0px;--awb-flex-wrap:wrap;\" ><div class=\"fusion-builder-row fusion-row fusion-flex-align-items-flex-start fusion-flex-content-wrap\" style=\"width:105% !important;max-width:105% !important;margin-left: calc(-5% \/ 2 );margin-right: calc(-5% \/ 2 );\"><div class=\"fusion-layout-column fusion_builder_column fusion-builder-column-3 fusion_builder_column_1_1 1_1 fusion-flex-column\" style=\"--awb-padding-top:126px;--awb-bg-size:cover;--awb-width-large:100%;--awb-margin-top-large:0px;--awb-spacing-right-large:2.375%;--awb-margin-bottom-large:20px;--awb-spacing-left-large:2.375%;--awb-width-medium:100%;--awb-order-medium:0;--awb-spacing-right-medium:2.375%;--awb-spacing-left-medium:2.375%;--awb-width-small:100%;--awb-order-small:0;--awb-spacing-right-small:2.375%;--awb-spacing-left-small:2.375%;\"><div class=\"fusion-column-wrapper fusion-column-has-shadow fusion-flex-justify-content-flex-start fusion-content-layout-column\"><div class=\"fusion-image-element \" style=\"--awb-margin-bottom:-20px;--awb-caption-title-font-family:var(--h2_typography-font-family);--awb-caption-title-font-weight:var(--h2_typography-font-weight);--awb-caption-title-font-style:var(--h2_typography-font-style);--awb-caption-title-size:var(--h2_typography-font-size);--awb-caption-title-transform:var(--h2_typography-text-transform);--awb-caption-title-line-height:var(--h2_typography-line-height);--awb-caption-title-letter-spacing:var(--h2_typography-letter-spacing);\"><span class=\" fusion-imageframe imageframe-none imageframe-2 hover-type-none\"><img decoding=\"async\" width=\"2560\" height=\"385\" alt=\"Sandrine Brunet Naturopathie\" title=\"footer\" src=\"https:\/\/www.sandrinebrunet-naturopathie.ch\/wp-content\/uploads\/2024\/05\/footer-scaled.jpg\" data-orig-src=\"https:\/\/sandrinebrunet.ch\/wp-content\/uploads\/2024\/05\/footer-scaled.jpg\" class=\"lazyload img-responsive wp-image-29337\" srcset=\"data:image\/svg+xml,%3Csvg%20xmlns%3D%27http%3A%2F%2Fwww.w3.org%2F2000%2Fsvg%27%20width%3D%272560%27%20height%3D%27385%27%20viewBox%3D%270%200%202560%20385%27%3E%3Crect%20width%3D%272560%27%20height%3D%27385%27%20fill-opacity%3D%220%22%2F%3E%3C%2Fsvg%3E\" data-srcset=\"https:\/\/www.sandrinebrunet-naturopathie.ch\/wp-content\/uploads\/2024\/05\/footer-200x30.jpg 200w, https:\/\/www.sandrinebrunet-naturopathie.ch\/wp-content\/uploads\/2024\/05\/footer-400x60.jpg 400w, https:\/\/www.sandrinebrunet-naturopathie.ch\/wp-content\/uploads\/2024\/05\/footer-600x90.jpg 600w, https:\/\/www.sandrinebrunet-naturopathie.ch\/wp-content\/uploads\/2024\/05\/footer-800x120.jpg 800w, https:\/\/www.sandrinebrunet-naturopathie.ch\/wp-content\/uploads\/2024\/05\/footer-1200x180.jpg 1200w, https:\/\/www.sandrinebrunet-naturopathie.ch\/wp-content\/uploads\/2024\/05\/footer-scaled.jpg 2560w\" data-sizes=\"auto\" data-orig-sizes=\"(max-width: 700px) 100vw, 2560px\" \/><\/span><\/div><\/div><\/div><\/div><\/div>\n<\/p>\n","protected":false},"excerpt":{"rendered":"","protected":false},"author":1,"featured_media":29392,"parent":0,"menu_order":0,"comment_status":"closed","ping_status":"closed","template":"100-width.php","meta":{"content-type":"","footnotes":""},"class_list":["post-29545","page","type-page","status-publish","has-post-thumbnail","hentry"],"yoast_head":"<!-- This site is optimized with the Yoast SEO plugin v22.5 - https:\/\/yoast.com\/wordpress\/plugins\/seo\/ -->\n<title>Termin vereinbaren - Sandrine Brunet<\/title>\n<meta name=\"description\" content=\"Sandrine Brunet, Therapeutin Naturheilkunde, Ern\u00e4hrungsberaterin. ASCA-Anerkennung, R\u00fcckverg\u00fctung durch die Zusatzversicherung.\" \/>\n<meta name=\"robots\" content=\"index, follow, max-snippet:-1, max-image-preview:large, max-video-preview:-1\" \/>\n<link rel=\"canonical\" href=\"https:\/\/www.sandrinebrunet-naturopathie.ch\/de\/termin-vereinbaren\/\" \/>\n<meta property=\"og:locale\" content=\"de_DE\" \/>\n<meta property=\"og:type\" content=\"article\" \/>\n<meta property=\"og:title\" content=\"Termin vereinbaren - Sandrine Brunet\" \/>\n<meta property=\"og:description\" content=\"Sandrine Brunet, Therapeutin Naturheilkunde, Ern\u00e4hrungsberaterin. ASCA-Anerkennung, R\u00fcckverg\u00fctung durch die Zusatzversicherung.\" \/>\n<meta property=\"og:url\" content=\"https:\/\/www.sandrinebrunet-naturopathie.ch\/de\/termin-vereinbaren\/\" \/>\n<meta property=\"og:site_name\" content=\"Sandrine Brunet\" \/>\n<meta property=\"article:modified_time\" content=\"2024-08-04T18:12:35+00:00\" \/>\n<meta property=\"og:image\" content=\"https:\/\/www.sandrinebrunet-naturopathie.ch\/wp-content\/uploads\/2024\/05\/background_sandrine_4-scaled.jpg\" \/>\n\t<meta property=\"og:image:width\" content=\"2560\" \/>\n\t<meta property=\"og:image:height\" content=\"1740\" \/>\n\t<meta property=\"og:image:type\" content=\"image\/jpeg\" \/>\n<meta name=\"twitter:card\" content=\"summary_large_image\" \/>\n<meta name=\"twitter:label1\" content=\"Gesch\u00e4tzte Lesezeit\" \/>\n\t<meta name=\"twitter:data1\" content=\"1\u00a0Minute\" \/>\n<script type=\"application\/ld+json\" class=\"yoast-schema-graph\">{\"@context\":\"https:\/\/schema.org\",\"@graph\":[{\"@type\":\"WebPage\",\"@id\":\"https:\/\/www.sandrinebrunet-naturopathie.ch\/de\/termin-vereinbaren\/\",\"url\":\"https:\/\/www.sandrinebrunet-naturopathie.ch\/de\/termin-vereinbaren\/\",\"name\":\"Termin vereinbaren - Sandrine Brunet\",\"isPartOf\":{\"@id\":\"https:\/\/www.sandrinebrunet-naturopathie.ch\/de\/#website\"},\"primaryImageOfPage\":{\"@id\":\"https:\/\/www.sandrinebrunet-naturopathie.ch\/de\/termin-vereinbaren\/#primaryimage\"},\"image\":{\"@id\":\"https:\/\/www.sandrinebrunet-naturopathie.ch\/de\/termin-vereinbaren\/#primaryimage\"},\"thumbnailUrl\":\"https:\/\/www.sandrinebrunet-naturopathie.ch\/wp-content\/uploads\/2024\/05\/background_sandrine_4-scaled.jpg\",\"datePublished\":\"2024-04-20T15:29:36+00:00\",\"dateModified\":\"2024-08-04T18:12:35+00:00\",\"description\":\"Sandrine Brunet, Therapeutin Naturheilkunde, Ern\u00e4hrungsberaterin. ASCA-Anerkennung, R\u00fcckverg\u00fctung durch die Zusatzversicherung.\",\"breadcrumb\":{\"@id\":\"https:\/\/www.sandrinebrunet-naturopathie.ch\/de\/termin-vereinbaren\/#breadcrumb\"},\"inLanguage\":\"de\",\"potentialAction\":[{\"@type\":\"ReadAction\",\"target\":[\"https:\/\/www.sandrinebrunet-naturopathie.ch\/de\/termin-vereinbaren\/\"]}]},{\"@type\":\"ImageObject\",\"inLanguage\":\"de\",\"@id\":\"https:\/\/www.sandrinebrunet-naturopathie.ch\/de\/termin-vereinbaren\/#primaryimage\",\"url\":\"https:\/\/www.sandrinebrunet-naturopathie.ch\/wp-content\/uploads\/2024\/05\/background_sandrine_4-scaled.jpg\",\"contentUrl\":\"https:\/\/www.sandrinebrunet-naturopathie.ch\/wp-content\/uploads\/2024\/05\/background_sandrine_4-scaled.jpg\",\"width\":2560,\"height\":1740,\"caption\":\"Sandrine Brunet Naturopathie\"},{\"@type\":\"BreadcrumbList\",\"@id\":\"https:\/\/www.sandrinebrunet-naturopathie.ch\/de\/termin-vereinbaren\/#breadcrumb\",\"itemListElement\":[{\"@type\":\"ListItem\",\"position\":1,\"name\":\"Accueil\",\"item\":\"https:\/\/www.sandrinebrunet-naturopathie.ch\/de\/\"},{\"@type\":\"ListItem\",\"position\":2,\"name\":\"Termin vereinbaren\"}]},{\"@type\":\"WebSite\",\"@id\":\"https:\/\/www.sandrinebrunet-naturopathie.ch\/de\/#website\",\"url\":\"https:\/\/www.sandrinebrunet-naturopathie.ch\/de\/\",\"name\":\"Sandrine Brunet\",\"description\":\"Nutritionniste, Naturopathe en formation \u00e0 Berne\",\"potentialAction\":[{\"@type\":\"SearchAction\",\"target\":{\"@type\":\"EntryPoint\",\"urlTemplate\":\"https:\/\/www.sandrinebrunet-naturopathie.ch\/de\/?s={search_term_string}\"},\"query-input\":\"required name=search_term_string\"}],\"inLanguage\":\"de\"}]}<\/script>\n<!-- \/ Yoast SEO plugin. -->","yoast_head_json":{"title":"Termin vereinbaren - Sandrine Brunet","description":"Sandrine Brunet, Therapeutin Naturheilkunde, Ern\u00e4hrungsberaterin. ASCA-Anerkennung, R\u00fcckverg\u00fctung durch die Zusatzversicherung.","robots":{"index":"index","follow":"follow","max-snippet":"max-snippet:-1","max-image-preview":"max-image-preview:large","max-video-preview":"max-video-preview:-1"},"canonical":"https:\/\/www.sandrinebrunet-naturopathie.ch\/de\/termin-vereinbaren\/","og_locale":"de_DE","og_type":"article","og_title":"Termin vereinbaren - Sandrine Brunet","og_description":"Sandrine Brunet, Therapeutin Naturheilkunde, Ern\u00e4hrungsberaterin. ASCA-Anerkennung, R\u00fcckverg\u00fctung durch die Zusatzversicherung.","og_url":"https:\/\/www.sandrinebrunet-naturopathie.ch\/de\/termin-vereinbaren\/","og_site_name":"Sandrine Brunet","article_modified_time":"2024-08-04T18:12:35+00:00","og_image":[{"width":2560,"height":1740,"url":"https:\/\/www.sandrinebrunet-naturopathie.ch\/wp-content\/uploads\/2024\/05\/background_sandrine_4-scaled.jpg","type":"image\/jpeg"}],"twitter_card":"summary_large_image","twitter_misc":{"Gesch\u00e4tzte Lesezeit":"1\u00a0Minute"},"schema":{"@context":"https:\/\/schema.org","@graph":[{"@type":"WebPage","@id":"https:\/\/www.sandrinebrunet-naturopathie.ch\/de\/termin-vereinbaren\/","url":"https:\/\/www.sandrinebrunet-naturopathie.ch\/de\/termin-vereinbaren\/","name":"Termin vereinbaren - Sandrine Brunet","isPartOf":{"@id":"https:\/\/www.sandrinebrunet-naturopathie.ch\/de\/#website"},"primaryImageOfPage":{"@id":"https:\/\/www.sandrinebrunet-naturopathie.ch\/de\/termin-vereinbaren\/#primaryimage"},"image":{"@id":"https:\/\/www.sandrinebrunet-naturopathie.ch\/de\/termin-vereinbaren\/#primaryimage"},"thumbnailUrl":"https:\/\/www.sandrinebrunet-naturopathie.ch\/wp-content\/uploads\/2024\/05\/background_sandrine_4-scaled.jpg","datePublished":"2024-04-20T15:29:36+00:00","dateModified":"2024-08-04T18:12:35+00:00","description":"Sandrine Brunet, Therapeutin Naturheilkunde, Ern\u00e4hrungsberaterin. ASCA-Anerkennung, R\u00fcckverg\u00fctung durch die Zusatzversicherung.","breadcrumb":{"@id":"https:\/\/www.sandrinebrunet-naturopathie.ch\/de\/termin-vereinbaren\/#breadcrumb"},"inLanguage":"de","potentialAction":[{"@type":"ReadAction","target":["https:\/\/www.sandrinebrunet-naturopathie.ch\/de\/termin-vereinbaren\/"]}]},{"@type":"ImageObject","inLanguage":"de","@id":"https:\/\/www.sandrinebrunet-naturopathie.ch\/de\/termin-vereinbaren\/#primaryimage","url":"https:\/\/www.sandrinebrunet-naturopathie.ch\/wp-content\/uploads\/2024\/05\/background_sandrine_4-scaled.jpg","contentUrl":"https:\/\/www.sandrinebrunet-naturopathie.ch\/wp-content\/uploads\/2024\/05\/background_sandrine_4-scaled.jpg","width":2560,"height":1740,"caption":"Sandrine Brunet Naturopathie"},{"@type":"BreadcrumbList","@id":"https:\/\/www.sandrinebrunet-naturopathie.ch\/de\/termin-vereinbaren\/#breadcrumb","itemListElement":[{"@type":"ListItem","position":1,"name":"Accueil","item":"https:\/\/www.sandrinebrunet-naturopathie.ch\/de\/"},{"@type":"ListItem","position":2,"name":"Termin vereinbaren"}]},{"@type":"WebSite","@id":"https:\/\/www.sandrinebrunet-naturopathie.ch\/de\/#website","url":"https:\/\/www.sandrinebrunet-naturopathie.ch\/de\/","name":"Sandrine Brunet","description":"Nutritionniste, Naturopathe en formation \u00e0 Berne","potentialAction":[{"@type":"SearchAction","target":{"@type":"EntryPoint","urlTemplate":"https:\/\/www.sandrinebrunet-naturopathie.ch\/de\/?s={search_term_string}"},"query-input":"required name=search_term_string"}],"inLanguage":"de"}]}},"_links":{"self":[{"href":"https:\/\/www.sandrinebrunet-naturopathie.ch\/de\/wp-json\/wp\/v2\/pages\/29545","targetHints":{"allow":["GET"]}}],"collection":[{"href":"https:\/\/www.sandrinebrunet-naturopathie.ch\/de\/wp-json\/wp\/v2\/pages"}],"about":[{"href":"https:\/\/www.sandrinebrunet-naturopathie.ch\/de\/wp-json\/wp\/v2\/types\/page"}],"author":[{"embeddable":true,"href":"https:\/\/www.sandrinebrunet-naturopathie.ch\/de\/wp-json\/wp\/v2\/users\/1"}],"replies":[{"embeddable":true,"href":"https:\/\/www.sandrinebrunet-naturopathie.ch\/de\/wp-json\/wp\/v2\/comments?post=29545"}],"version-history":[{"count":10,"href":"https:\/\/www.sandrinebrunet-naturopathie.ch\/de\/wp-json\/wp\/v2\/pages\/29545\/revisions"}],"predecessor-version":[{"id":29947,"href":"https:\/\/www.sandrinebrunet-naturopathie.ch\/de\/wp-json\/wp\/v2\/pages\/29545\/revisions\/29947"}],"wp:featuredmedia":[{"embeddable":true,"href":"https:\/\/www.sandrinebrunet-naturopathie.ch\/de\/wp-json\/wp\/v2\/media\/29392"}],"wp:attachment":[{"href":"https:\/\/www.sandrinebrunet-naturopathie.ch\/de\/wp-json\/wp\/v2\/media?parent=29545"}],"curies":[{"name":"wp","href":"https:\/\/api.w.org\/{rel}","templated":true}]}}